{"id":914,"date":"2021-02-18T07:01:43","date_gmt":"2021-02-18T06:01:43","guid":{"rendered":"https:\/\/bsakrakow.pl\/?page_id=914"},"modified":"2022-02-04T18:53:29","modified_gmt":"2022-02-04T17:53:29","slug":"polityka-prywatnosci","status":"publish","type":"page","link":"https:\/\/bsakrakow.pl\/?page_id=914","title":{"rendered":"Polityka prywatno\u015bci"},"content":{"rendered":"\t\t<div data-elementor-type=\"wp-page\" data-elementor-id=\"914\" class=\"elementor elementor-914\" data-elementor-settings=\"[]\">\n\t\t\t\t\t\t<div class=\"elementor-inner\">\n\t\t\t\t\t\t\t<div class=\"elementor-section-wrap\">\n\t\t\t\t\t\t\t<section class=\"elementor-section elementor-top-section elementor-element elementor-element-25589e91 elementor-section-boxed elementor-section-height-default elementor-section-height-default\" data-id=\"25589e91\" data-element_type=\"section\" data-settings=\"{&quot;background_background&quot;:&quot;classic&quot;}\">\n\t\t\t\t\t\t<div class=\"elementor-container elementor-column-gap-no\">\n\t\t\t\t\t\t\t<div class=\"elementor-row\">\n\t\t\t\t\t<div class=\"elementor-column elementor-col-100 elementor-top-column elementor-element elementor-element-4003dbc0\" data-id=\"4003dbc0\" data-element_type=\"column\">\n\t\t\t<div class=\"elementor-column-wrap elementor-element-populated\">\n\t\t\t\t\t\t\t<div class=\"elementor-widget-wrap\">\n\t\t\t\t\t\t<div class=\"elementor-element elementor-element-313ad047 elementor-widget elementor-widget-heading\" data-id=\"313ad047\" data-element_type=\"widget\" data-widget_type=\"heading.default\">\n\t\t\t\t<div class=\"elementor-widget-container\">\n\t\t\t<h3 class=\"elementor-heading-title elementor-size-default\">Polityka prywatno\u015bci<\/h3>\t\t<\/div>\n\t\t\t\t<\/div>\n\t\t\t\t<div class=\"elementor-element elementor-element-4991d1e5 elementor-widget elementor-widget-text-editor\" data-id=\"4991d1e5\" data-element_type=\"widget\" data-widget_type=\"text-editor.default\">\n\t\t\t\t<div class=\"elementor-widget-container\">\n\t\t\t\t\t<div class=\"elementor-text-editor elementor-clearfix\"><p><strong>Klauzula Informacyjna<\/strong><\/p><p>W zwi\u0105zku z art. 13 ust. 1 i ust. 2 Rozporz\u0105dzenia Parlamentu Europejskiego i Rady (UE) 2016\/679 z 27 kwietnia 2016 r. w sprawie ochrony os\u00f3b fizycznych w zwi\u0105zku z przetwarzaniem danych osobowych i w sprawie swobodnego przep\u0142ywu takich danych oraz uchylenia dyrektywy 95\/46\/WE (og\u00f3lne rozporz\u0105dzenie o ochronie danych) (Dz. Urz. UE L z\u00a004.05.2016 r., Nr 119, s. 1) informujemy, i\u017c:<\/p><p><strong>Administrator danych.<\/strong><\/p><p>Administratorem Pani\/Pana danych osobowych jest <strong>Bursa Szk\u00f3\u0142 Artystycznych w Krakowie<\/strong>, reprezentowana przez dyrektora<\/p><p>30-116 Krak\u00f3w, ul. Kasztela\u0144ska 36 poczta mailowa: <a href=\"mailto:sekretariat@bsakrakow.pl\"><strong><span style=\"color: #0000ff;\">sekretariat@bsakrakow.pl<\/span>\u00a0<\/strong><\/a><\/p><p><strong>Inspektor ochrony danych.<\/strong><\/p><p>Administrator wyznaczy\u0142 Inspektora Ochrony Danych, z kt\u00f3rym mo\u017ce si\u0119 Pani\/Pan skontaktowa\u0107 w sprawach zwi\u0105zanych z ochron\u0105 danych osobowych, <br \/>w nast\u0119puj\u0105cy spos\u00f3b:<\/p><ol><li>adres poczty elektronicznej: <a href=\"mailto:bhpdomagala@bsakrakow.pl\"><span style=\"color: #0000ff;\"><strong>bhpdomagala@bsakrakow.pl<\/strong><\/span><\/a><\/li><li>pisemnie na adres siedziby Administratora.<\/li><\/ol><p><strong>Cele przetwarzania danych osobowych i podstawa prawna.<\/strong><\/p><ol><li>Pani\/Pana dane przetwarzane b\u0119d\u0105 w zwi\u0105zku z realizacj\u0105 przez Plac\u00f3wk\u0119\u00a0 zada\u0144 publicznych, wynikaj\u0105cych wprost z przepisu prawa, lub okre\u015blonych zadaniami statutowymi plac\u00f3wki.<\/li><li>Przetwarzanie mo\u017ce by\u0107 r\u00f3wnie\u017c niezb\u0119dne w celu wykonania umowy, kt\u00f3rej Pan\/Pani jest stron\u0105 lub do podj\u0119cia dzia\u0142a\u0144, na Pani\/Pana \u017c\u0105danie, przed zawarciem umowy.<\/li><li>Mog\u0105 r\u00f3wnie\u017c wyst\u0105pi\u0107 przypadki w kt\u00f3rych zostanie Pan\/Pani poproszony\/a o wyra\u017cenie zgody na przetwarzanie danych osobowych dziecka <br \/>w okre\u015blonym celu i zakresie.<\/li><\/ol><p><strong>Odbiorcy danych osobowych<\/strong><\/p><p>Odbiorcami Pani\/Pana danych b\u0119d\u0105 tylko instytucje upowa\u017cnione z mocy prawa.<\/p><p><strong>Okres przechowywania danych osobowych.<\/strong><\/p><p>Dane osobowe przetwarzane przez Administratora przechowywane b\u0119d\u0105 przez okres niezb\u0119dny do realizacji celu dla jakiego zosta\u0142y zebrane oraz zgodnie z terminami archiwizacji okre\u015blonymi przez ustawy kompetencyjne lub ustaw\u0119 z dnia 14 lipca 1983 r. o narodowym zasobie archiwalnym i archiwach (Dz. U. z 2018 r., poz. 217), oraz\u00a0 Rozporz\u0105dzenie Prezesa Rady Ministr\u00f3w z dnia 18 stycznia 2011 r. w sprawie instrukcji kancelaryjnej, jednolitych rzeczowych wykaz\u00f3w akt oraz instrukcji w sprawie organizacji i zakresu dzia\u0142ania archiw\u00f3w zak\u0142adowych. Oznacza to, \u017ce dane osobowe mog\u0105 zosta\u0107 usuni\u0119te po up\u0142ywie okre\u015blonego dla danej kategorii dokumentacji okresu przechowywania, zale\u017cnie od kategorii archiwalnej danej sprawy.<\/p><p><strong>Prawa os\u00f3b, kt\u00f3rych dane dotycz\u0105, dost\u0119pu do danych osobowych.<\/strong><\/p><p>Na zasadach okre\u015blonych przepisami RODO, posiada Pani\/Pan prawo do \u017c\u0105dania od administratora:<\/p><ul><li>dost\u0119pu do tre\u015bci swoich danych osobowych,<\/li><li>sprostowania (poprawiania) swoich danych osobowych,<\/li><li>usuni\u0119cia swoich danych osobowych,<\/li><li>ograniczenia przetwarzania swoich danych osobowych,<\/li><li>przenoszenia swoich danych osobowych,<\/li><li>prawo do wniesienia sprzeciwu wobec przetwarzania Pani\/Pana danych.<\/li><\/ul><p><strong>Prawo do cofni\u0119cia zgody.<\/strong><\/p><p>W przypadku przetwarzania danych osobowych w oparciu \u00a0o wyra\u017cenie zgody, zawsze ma Pan\/Pani prawo do dobrowolnego podj\u0119cia decyzji. W przypadku przetwarzania Pani\/Pana danych w oparciu o zgod\u0119, ma Pani \/Pan prawo w ka\u017cdym czasie na cofni\u0119cie zgody.<\/p><p>Cofni\u0119cie zgody w dowolnym momencie nie ma wp\u0142ywu na zgodno\u015b\u0107 z prawem przetwarzania, kt\u00f3rego dokonano na podstawie zgody przed jej cofni\u0119ciem.<\/p><p><strong>Prawo wniesienia skargi do organu nadzorczego.<\/strong><\/p><p>Gdy uzna Pani\/Pan, i\u017c przetwarzanie Pani\/Pana danych osobowych narusza przepisy o\u00a0ochronie danych osobowych, przys\u0142uguje Pani\/Panu prawo do wniesienia skargi do organu nadzorczego, kt\u00f3rym jest Prezes Urz\u0119du Ochrony Danych Osobowych.<\/p><p><strong>Informacja o wymogu podania danych oraz konsekwencjach niepodania danych osobowych.<\/strong><\/p><ol><li>Podanie przez Pani\u0105\/Pana danych osobowych mo\u017ce by\u0107 wymogiem:<\/li><\/ol><ul><li>ustawowym,<\/li><li>umownym,<\/li><li>warunkiem zawarcia umowy,<\/li><\/ul><p>\u00a0\u00a0\u00a0\u00a0\u00a0\u00a0\u00a0\u00a0\u00a0\u00a0\u00a0 do kt\u00f3rych podania b\u0119dzie Pani\/Pan zobowi\u0105zana\/y.<\/p><ol><li>W przypadku, gdy b\u0119dzie istnia\u0142 obowi\u0105zek ustawowy, a nie poda Pani\/Pan swoich danych, nie b\u0119dziemy mogli zrealizowa\u0107 zadania ustawowego, co mo\u017ce skutkowa\u0107 brakiem mo\u017cliwo\u015bci realizacji celu lub konsekwencjami przewidzianymi przepisami prawa.<\/li><li>W przypadku, kiedy podanie danych b\u0119dzie warunkiem zawarcia umowy, a nie poda Pani\/Pan swoich danych, nie b\u0119dziemy mogli zawrze\u0107 takiej umowy.<\/li><\/ol><p><strong>Zautomatyzowane podejmowanie decyzji, profilowanie.<\/strong><\/p><p>Pani\/Pana dane osobowe nie b\u0119d\u0105 przetwarzane w spos\u00f3b zautomatyzowany i nie b\u0119d\u0105 profilowane.<\/p><p><strong>Przekazywanie danych do Pa\u0144stw trzecich \/ organizacji mi\u0119dzynarodowych .<\/strong><\/p><p>Administrator nie zamierza przekazywa\u0107 danych\u00a0 odbiorcom do pa\u0144stwa trzeciego lub organizacji mi\u0119dzynarodowej;<\/p><p><strong>Formularze kontaktowe<\/strong><\/p><p>Informacje przes\u0142ane za ich po\u015brednictwem s\u0105 przez nas przechowywane na potrzeby obs\u0142ugi klienta przez nieokre\u015blony czas, ale nie wykorzystujemy uzyskanych tak informacji w celach marketingowych.<\/p><\/div>\n\t\t\t\t<\/div>\n\t\t\t\t<\/div>\n\t\t\t\t\t\t<\/div>\n\t\t\t\t\t<\/div>\n\t\t<\/div>\n\t\t\t\t\t\t\t\t<\/div>\n\t\t\t\t\t<\/div>\n\t\t<\/section>\n\t\t\t\t\t\t<\/div>\n\t\t\t\t\t\t<\/div>\n\t\t\t\t\t<\/div>\n\t\t","protected":false},"excerpt":{"rendered":"<p>Polityka prywatno\u015bci Klauzula Informacyjna W zwi\u0105zku z art. 13 ust. 1 i ust. 2 Rozporz\u0105dzenia Parlamentu Europejskiego i Rady (UE) 2016\/679 z 27 kwietnia 2016 r. w sprawie ochrony os\u00f3b fizycznych w zwi\u0105zku z przetwarzaniem danych osobowych i w sprawie swobodnego przep\u0142ywu takich danych oraz uchylenia dyrektywy 95\/46\/WE (og\u00f3lne rozporz\u0105dzenie o ochronie danych) (Dz. Urz. [&hellip;]<\/p>\n","protected":false},"author":1,"featured_media":0,"parent":0,"menu_order":0,"comment_status":"closed","ping_status":"closed","template":"","meta":[],"_links":{"self":[{"href":"https:\/\/bsakrakow.pl\/index.php?rest_route=\/wp\/v2\/pages\/914"}],"collection":[{"href":"https:\/\/bsakrakow.pl\/index.php?rest_route=\/wp\/v2\/pages"}],"about":[{"href":"https:\/\/bsakrakow.pl\/index.php?rest_route=\/wp\/v2\/types\/page"}],"author":[{"embeddable":true,"href":"https:\/\/bsakrakow.pl\/index.php?rest_route=\/wp\/v2\/users\/1"}],"replies":[{"embeddable":true,"href":"https:\/\/bsakrakow.pl\/index.php?rest_route=%2Fwp%2Fv2%2Fcomments&post=914"}],"version-history":[{"count":54,"href":"https:\/\/bsakrakow.pl\/index.php?rest_route=\/wp\/v2\/pages\/914\/revisions"}],"predecessor-version":[{"id":2233,"href":"https:\/\/bsakrakow.pl\/index.php?rest_route=\/wp\/v2\/pages\/914\/revisions\/2233"}],"wp:attachment":[{"href":"https:\/\/bsakrakow.pl\/index.php?rest_route=%2Fwp%2Fv2%2Fmedia&parent=914"}],"curies":[{"name":"wp","href":"https:\/\/api.w.org\/{rel}","templated":true}]}}